{"id":45356,"date":"2022-11-22T12:11:39","date_gmt":"2022-11-22T10:11:39","guid":{"rendered":"https:\/\/www.haciendatucan.com\/premium\/"},"modified":"2023-05-30T13:10:57","modified_gmt":"2023-05-30T11:10:57","slug":"premium-en","status":"publish","type":"page","link":"https:\/\/www.haciendatucan.com\/en\/premium-en\/","title":{"rendered":"PREMIUM"},"content":{"rendered":"<p>[et_pb_section fb_built=&#8221;1&#8243; admin_label=&#8221;SECCION 01&#8243; _builder_version=&#8221;4.20.0&#8243; _module_preset=&#8221;default&#8221; background_enable_color=&#8221;off&#8221; background_image=&#8221;https:\/\/www.haciendatucan.com\/wp-content\/uploads\/2023\/01\/tex.jpg&#8221; background_size=&#8221;initial&#8221; background_position=&#8221;top_left&#8221; background_repeat=&#8221;repeat&#8221; background_enable_video_mp4=&#8221;off&#8221; background_pattern_horizontal_offset=&#8221;49%&#8221; background_pattern_vertical_offset=&#8221;-14%&#8221; custom_margin=&#8221;0px||0px||false|false&#8221; custom_padding=&#8221;0px||0px||false|false&#8221; global_colors_info=&#8221;{}&#8221;][et_pb_row admin_label=&#8221;FONDO&#8221; _builder_version=&#8221;4.20.0&#8243; _module_preset=&#8221;default&#8221; background_enable_image=&#8221;off&#8221; background_position=&#8221;top_center&#8221; width=&#8221;100%&#8221; max_width=&#8221;100%&#8221; custom_margin=&#8221;0px||0px||false|false&#8221; custom_padding=&#8221;0px||0px||false|false&#8221; animation_direction=&#8221;bottom&#8221; collapsed=&#8221;off&#8221; global_colors_info=&#8221;{}&#8221;][et_pb_column type=&#8221;4_4&#8243; _builder_version=&#8221;4.19.4&#8243; _module_preset=&#8221;default&#8221; global_colors_info=&#8221;{}&#8221;][et_pb_image src=&#8221;https:\/\/www.haciendatucan.com\/wp-content\/uploads\/2023\/01\/01_premium.jpg&#8221; _builder_version=&#8221;4.20.0&#8243; _module_preset=&#8221;default&#8221; animation_style=&#8221;fade&#8221; global_colors_info=&#8221;{}&#8221;][\/et_pb_image][\/et_pb_column][\/et_pb_row][et_pb_row admin_label=&#8221;TEXTO &#8211; JADE BY HACIENDA TUCAN H1&#8243; _builder_version=&#8221;4.20.0&#8243; _module_preset=&#8221;default&#8221; background_enable_image=&#8221;off&#8221; background_position=&#8221;top_center&#8221; positioning=&#8221;absolute&#8221; position_origin_a=&#8221;top_center&#8221; z_index=&#8221;10&#8243; width=&#8221;100%&#8221; max_width=&#8221;100%&#8221; custom_margin=&#8221;0px||0px||false|false&#8221; custom_padding=&#8221;0px||0px||false|false&#8221; animation_direction=&#8221;bottom&#8221; collapsed=&#8221;off&#8221; global_colors_info=&#8221;{}&#8221;][et_pb_column type=&#8221;4_4&#8243; _builder_version=&#8221;4.19.4&#8243; _module_preset=&#8221;default&#8221; global_colors_info=&#8221;{}&#8221;][et_pb_text admin_label=&#8221;TEXTO &#8211; JADE BY HACIENDA TUC\u00c1N h1&#8243; _builder_version=&#8221;4.21.0&#8243; _module_preset=&#8221;default&#8221; header_text_color=&#8221;RGBA(255,255,255,0)&#8221; global_colors_info=&#8221;{}&#8221;]<\/p>\n<h1>JADE BY HACIENDA TUC\u00c1N<\/h1>\n<p>[\/et_pb_text][\/et_pb_column][\/et_pb_row][\/et_pb_section][et_pb_section fb_built=&#8221;1&#8243; admin_label=&#8221;SECCION 02 &#8211; TEXTO INTRO&#8221; _builder_version=&#8221;4.19.5&#8243; _module_preset=&#8221;default&#8221; background_color=&#8221;#e0d6ce&#8221; global_colors_info=&#8221;{}&#8221;][et_pb_row module_id=&#8221;inicio&#8221; _builder_version=&#8221;4.19.5&#8243; _module_preset=&#8221;default&#8221; width_tablet=&#8221;100%&#8221; width_phone=&#8221;100%&#8221; width_last_edited=&#8221;on|phone&#8221; module_alignment=&#8221;center&#8221; global_colors_info=&#8221;{}&#8221;][et_pb_column type=&#8221;4_4&#8243; _builder_version=&#8221;4.19.1&#8243; _module_preset=&#8221;default&#8221; global_colors_info=&#8221;{}&#8221;][et_pb_text admin_label=&#8221;TEXTO &#8211; JADE BY HACIENDA TUC\u00c1N &#8221; _builder_version=&#8221;4.21.0&#8243; _module_preset=&#8221;default&#8221; text_font=&#8221;|700|||||||&#8221; text_font_size=&#8221;30px&#8221; text_orientation=&#8221;center&#8221; global_colors_info=&#8221;{}&#8221;]<\/p>\n<p>JADE by Hacienda Tuc\u00e1n<\/p>\n<p>[\/et_pb_text][et_pb_text admin_label=&#8221;TEXTO &#8211; Jade Imperial es una edici\u00f3n&#8230;&#8221; _builder_version=&#8221;4.21.0&#8243; _module_preset=&#8221;default&#8221; text_font=&#8221;Times New Roman|700|on||||||&#8221; text_font_size=&#8221;16px&#8221; header_font=&#8221;|||||on|||&#8221; header_text_color=&#8221;RGBA(255,255,255,0)&#8221; text_orientation=&#8221;center&#8221; width=&#8221;70%&#8221; width_tablet=&#8221;80%&#8221; width_phone=&#8221;80%&#8221; width_last_edited=&#8221;on|phone&#8221; module_alignment=&#8221;center&#8221; animation_style=&#8221;fade&#8221; text_orientation_tablet=&#8221;left&#8221; text_orientation_phone=&#8221;left&#8221; text_orientation_last_edited=&#8221;on|desktop&#8221; global_colors_info=&#8221;{}&#8221;]<\/p>\n<p>Jade Imperial is a limited edition made with picual variety olives, coming from the highest parts of our farm, collected in the first days of early harvest, giving it that picual green hue characteristic of our Jaen area. Its production process is carried out with the utmost care, ensuring that the optimal properties of the oil are obtained.<\/p>\n<p>Its aroma reminds us of the fragrance of the hundred-year-old olive groves on the slopes of the Sierra Morena, bathed by the Guadalquivir basin. Fresh grass and tomato dominate that feeling.<\/p>\n<p>Being our best jewel and acquiring a hue similar to the Jade stone. This nomenclature dates back to the time of the Spanish conquistadors in the Americas.<\/p>\n<p>More than any other gemstone, Jade is revered at the heart of Asian culture. Considered as a real gem, called by the ancient Chinese the \u201cGem of Heaven\u201d.<\/p>\n<p>The most beautiful specimens, of great purity and of an intense emerald green, were so coveted by the Chinese emperors that they were given the name Imperial Jade.<\/p>\n<p>[\/et_pb_text][\/et_pb_column][\/et_pb_row][\/et_pb_section][et_pb_section fb_built=&#8221;1&#8243; admin_label=&#8221;SECCION 03 &#8211; BANNER 2&#8243; _builder_version=&#8221;4.19.4&#8243; _module_preset=&#8221;default&#8221; background_color=&#8221;#f9f5f0&#8243; custom_margin=&#8221;0px||0px||false|false&#8221; custom_padding=&#8221;0px||0px||false|false&#8221; global_colors_info=&#8221;{}&#8221;][et_pb_row column_structure=&#8221;1_4,3_4&#8243; use_custom_gutter=&#8221;on&#8221; gutter_width=&#8221;1&#8243; make_equal=&#8221;on&#8221; _builder_version=&#8221;4.19.4&#8243; _module_preset=&#8221;default&#8221; width=&#8221;92%&#8221; global_colors_info=&#8221;{}&#8221;][et_pb_column type=&#8221;1_4&#8243; module_class=&#8221;ds-vertical-align&#8221; _builder_version=&#8221;4.19.4&#8243; _module_preset=&#8221;default&#8221; global_colors_info=&#8221;{}&#8221;][et_pb_text _builder_version=&#8221;4.21.0&#8243; _module_preset=&#8221;default&#8221; text_font=&#8221;Times New Roman|700|on||||||&#8221; text_font_size=&#8221;16px&#8221; text_orientation=&#8221;right&#8221; width=&#8221;50%&#8221; width_tablet=&#8221;90%&#8221; width_phone=&#8221;90%&#8221; width_last_edited=&#8221;on|phone&#8221; module_alignment=&#8221;right&#8221; animation_style=&#8221;fade&#8221; text_orientation_tablet=&#8221;left&#8221; text_orientation_phone=&#8221;left&#8221; text_orientation_last_edited=&#8221;on|phone&#8221; module_alignment_tablet=&#8221;center&#8221; module_alignment_phone=&#8221;center&#8221; module_alignment_last_edited=&#8221;on|tablet&#8221; global_colors_info=&#8221;{}&#8221;]<\/p>\n<p><strong>Extra virgin olive oil harvested and produced the first days of the campaign.<\/strong><\/p>\n<p><strong>Limited edition<br \/>Campaign 22\/23 sold out<br \/><\/strong>700 ml container<\/p>\n<p>[\/et_pb_text][\/et_pb_column][et_pb_column type=&#8221;3_4&#8243; module_class=&#8221;ds-vertical-align&#8221; _builder_version=&#8221;4.19.4&#8243; _module_preset=&#8221;default&#8221; global_colors_info=&#8221;{}&#8221;][et_pb_image src=&#8221;https:\/\/www.haciendatucan.com\/wp-content\/uploads\/2023\/01\/02_premium.jpg&#8221; align=&#8221;right&#8221; force_fullwidth=&#8221;on&#8221; _builder_version=&#8221;4.19.5&#8243; _module_preset=&#8221;default&#8221; animation_style=&#8221;slide&#8221; animation_direction=&#8221;right&#8221; global_colors_info=&#8221;{}&#8221;][\/et_pb_image][\/et_pb_column][\/et_pb_row][\/et_pb_section][et_pb_section fb_built=&#8221;1&#8243; admin_label=&#8221;SECCION 04 Y 05 &#8211; TEXTO EXCELENCIA EN NUESTROS PLATOS&#8221; _builder_version=&#8221;4.19.5&#8243; _module_preset=&#8221;default&#8221; background_color=&#8221;#e0d6ce&#8221; custom_margin=&#8221;||0px||false|false&#8221; custom_padding=&#8221;||0px||false|false&#8221; animation_style=&#8221;fade&#8221; global_colors_info=&#8221;{}&#8221;][et_pb_row admin_label=&#8221;SECCION 04&#8243; _builder_version=&#8221;4.19.5&#8243; _module_preset=&#8221;default&#8221; global_colors_info=&#8221;{}&#8221;][et_pb_column type=&#8221;4_4&#8243; _builder_version=&#8221;4.19.1&#8243; _module_preset=&#8221;default&#8221; global_colors_info=&#8221;{}&#8221;][et_pb_text _builder_version=&#8221;4.21.0&#8243; _module_preset=&#8221;default&#8221; text_font=&#8221;Zen Antique|700||on|||||&#8221; text_text_color=&#8221;#222221&#8243; text_font_size=&#8221;3vw&#8221; text_orientation=&#8221;center&#8221; width=&#8221;80%&#8221; module_alignment=&#8221;center&#8221; custom_margin=&#8221;2%||||false|false&#8221; custom_margin_tablet=&#8221;2%||||false|false&#8221; custom_margin_phone=&#8221;0%||||false|false&#8221; custom_margin_last_edited=&#8221;on|tablet&#8221; custom_padding=&#8221;2%||||false|false&#8221; custom_padding_tablet=&#8221;0%||||false|false&#8221; custom_padding_phone=&#8221;0%||||false|false&#8221; custom_padding_last_edited=&#8221;on|desktop&#8221; animation_style=&#8221;fade&#8221; text_font_size_tablet=&#8221;22px&#8221; text_font_size_phone=&#8221;22px&#8221; text_font_size_last_edited=&#8221;on|desktop&#8221; text_orientation_tablet=&#8221;center&#8221; text_orientation_phone=&#8221;center&#8221; text_orientation_last_edited=&#8221;on|phone&#8221; global_colors_info=&#8221;{}&#8221;]<\/p>\n<p>EXCELLENCE IN OUR DISHES<\/p>\n<p>[\/et_pb_text][et_pb_text _builder_version=&#8221;4.21.0&#8243; _module_preset=&#8221;default&#8221; text_orientation=&#8221;center&#8221; text_orientation_tablet=&#8221;left&#8221; text_orientation_phone=&#8221;left&#8221; text_orientation_last_edited=&#8221;on|phone&#8221; global_colors_info=&#8221;{}&#8221;]<\/p>\n<p>Delicate and silky to the touch, Jade would be equivalent to our precious EVOO not only in terms of its luminous pigmentation and vivacity, but also in terms of the refined taste and smell provided by its high degree of wonderful polyphenols.<\/p>\n<p>Impregnating its fruity flavor green grass, tomato, green almond, artichoke and fig tree. All this fusion creates the distinguished and exquisite flavor that defines it, and which in the mouth feels sweet, moderately bitter and somewhat more spicy, but in a very balanced way. Carrying out a meticulous production process, combining tradition and innovation, we managed to cultivate the best Picual Ja\u00e9n olive oil.<\/p>\n<p>The care of our fields is the main objective to achieve the highest quality in our EVOO. We select the best located olive trees, in the upper parts of the farm, which provides them with the maintenance of an optimal and ventilated temperature. The result culminates in the meticulous collection of the most exquisite fruits.<\/p>\n<p>The bottle intended to preserve this elixir could not be other than our elegant bottle, designed to enjoy a refined demijohn at the table or in the kitchen.<\/p>\n<p>[\/et_pb_text][\/et_pb_column][\/et_pb_row][et_pb_row use_custom_gutter=&#8221;on&#8221; gutter_width=&#8221;1&#8243; make_equal=&#8221;on&#8221; admin_label=&#8221;SECCION 05 &#8211; BANNER 3&#8243; _builder_version=&#8221;4.19.5&#8243; _module_preset=&#8221;default&#8221; width=&#8221;100%&#8221; module_alignment=&#8221;center&#8221; custom_margin=&#8221;||0px||false|false&#8221; custom_padding=&#8221;||0px||false|false&#8221; global_colors_info=&#8221;{}&#8221;][et_pb_column type=&#8221;4_4&#8243; _builder_version=&#8221;4.19.1&#8243; _module_preset=&#8221;default&#8221; global_colors_info=&#8221;{}&#8221;][et_pb_image src=&#8221;https:\/\/www.haciendatucan.com\/wp-content\/uploads\/2023\/01\/03_premium.jpg&#8221; _builder_version=&#8221;4.19.5&#8243; _module_preset=&#8221;default&#8221; animation_style=&#8221;fade&#8221; global_colors_info=&#8221;{}&#8221;][\/et_pb_image][\/et_pb_column][\/et_pb_row][\/et_pb_section][et_pb_section fb_built=&#8221;1&#8243; admin_label=&#8221;SECCION 06 &#8211; BANNER 4&#8243; _builder_version=&#8221;4.19.4&#8243; _module_preset=&#8221;default&#8221; background_color=&#8221;#f9f5f0&#8243; custom_margin=&#8221;0px||0px||false|false&#8221; custom_padding=&#8221;0px||0px||false|false&#8221; global_colors_info=&#8221;{}&#8221;][et_pb_row column_structure=&#8221;3_4,1_4&#8243; use_custom_gutter=&#8221;on&#8221; gutter_width=&#8221;1&#8243; make_equal=&#8221;on&#8221; _builder_version=&#8221;4.19.4&#8243; _module_preset=&#8221;default&#8221; width=&#8221;92%&#8221; global_colors_info=&#8221;{}&#8221;][et_pb_column type=&#8221;3_4&#8243; module_class=&#8221;ds-vertical-align&#8221; _builder_version=&#8221;4.19.4&#8243; _module_preset=&#8221;default&#8221; global_colors_info=&#8221;{}&#8221;][et_pb_image src=&#8221;https:\/\/www.haciendatucan.com\/wp-content\/uploads\/2023\/01\/04_premium.jpg&#8221; force_fullwidth=&#8221;on&#8221; _builder_version=&#8221;4.19.5&#8243; _module_preset=&#8221;default&#8221; animation_style=&#8221;slide&#8221; animation_direction=&#8221;left&#8221; global_colors_info=&#8221;{}&#8221;][\/et_pb_image][\/et_pb_column][et_pb_column type=&#8221;1_4&#8243; module_class=&#8221;ds-vertical-align&#8221; _builder_version=&#8221;4.19.4&#8243; _module_preset=&#8221;default&#8221; global_colors_info=&#8221;{}&#8221;][et_pb_text _builder_version=&#8221;4.21.0&#8243; _module_preset=&#8221;default&#8221; text_font=&#8221;Times New Roman|700|on||||||&#8221; text_font_size=&#8221;16px&#8221; width=&#8221;50%&#8221; width_tablet=&#8221;90%&#8221; width_phone=&#8221;90%&#8221; width_last_edited=&#8221;on|phone&#8221; module_alignment=&#8221;left&#8221; animation_style=&#8221;fade&#8221; module_alignment_tablet=&#8221;center&#8221; module_alignment_phone=&#8221;center&#8221; module_alignment_last_edited=&#8221;on|phone&#8221; global_colors_info=&#8221;{}&#8221;]<\/p>\n<p><strong>With a very<\/strong><br \/><strong>essential box&#8230;<\/strong><\/p>\n<p>[\/et_pb_text][\/et_pb_column][\/et_pb_row][\/et_pb_section][et_pb_section fb_built=&#8221;1&#8243; fullwidth=&#8221;on&#8221; admin_label=&#8221;SECCION 07 &#8211; BANNERS&#8221; _builder_version=&#8221;4.19.5&#8243; _module_preset=&#8221;default&#8221; background_color=&#8221;#ede9e4&#8243; global_colors_info=&#8221;{}&#8221;][et_pb_fullwidth_image src=&#8221;https:\/\/www.haciendatucan.com\/wp-content\/uploads\/2023\/05\/05_premium.jpg&#8221; alt=&#8221;THE JEWEL OF OUR LAND&#8221; title_text=&#8221;THE JEWEL OF OUR LAND&#8221; _builder_version=&#8221;4.21.0&#8243; _module_preset=&#8221;default&#8221; animation_style=&#8221;slide&#8221; animation_direction=&#8221;bottom&#8221; global_colors_info=&#8221;{}&#8221;][\/et_pb_fullwidth_image][et_pb_fullwidth_image src=&#8221;https:\/\/www.haciendatucan.com\/wp-content\/uploads\/2023\/01\/06_premium.jpg&#8221; alt=&#8221;ENTRA EN NUESTRA TIENDA Y VU\u00c9LVETE LOCO&#8221; title_text=&#8221;ENTRA EN NUESTRA TIENDA Y VU\u00c9LVETE LOCO&#8221; url=&#8221;@ET-DC@eyJkeW5hbWljIjp0cnVlLCJjb250ZW50IjoicG9zdF9saW5rX3VybF9wYWdlIiwic2V0dGluZ3MiOnsicG9zdF9pZCI6IjY3ODMifX0=@&#8221; disabled_on=&#8221;on|on|on&#8221; _builder_version=&#8221;4.19.5&#8243; _dynamic_attributes=&#8221;url&#8221; _module_preset=&#8221;default&#8221; animation_style=&#8221;fade&#8221; disabled=&#8221;on&#8221; global_colors_info=&#8221;{}&#8221;][\/et_pb_fullwidth_image][\/et_pb_section]<\/p>\n","protected":false},"excerpt":{"rendered":"<p>JADE BY HACIENDA TUC\u00c1NJADE by Hacienda Tuc\u00e1nJade Imperial is a limited edition made with picual variety olives, coming from the highest parts of our farm, collected in the first days of early harvest, giving it that picual green hue characteristic of our Jaen area. Its production process is carried out with the utmost care, ensuring [&hellip;]<\/p>\n","protected":false},"author":1,"featured_media":0,"parent":0,"menu_order":0,"comment_status":"closed","ping_status":"closed","template":"","meta":{"_et_pb_use_builder":"on","_et_pb_old_content":"","_et_gb_content_width":"","footnotes":""},"class_list":["post-45356","page","type-page","status-publish","hentry"],"yoast_head":"<!-- This site is optimized with the Yoast SEO plugin v27.5 - https:\/\/yoast.com\/product\/yoast-seo-wordpress\/ -->\n<title>PREMIUM - Aceites Hacienda Tuc\u00e1n<\/title>\n<meta name=\"robots\" content=\"index, follow, max-snippet:-1, max-image-preview:large, max-video-preview:-1\" \/>\n<link rel=\"canonical\" href=\"https:\/\/www.haciendatucan.com\/en\/premium-en\/\" \/>\n<meta property=\"og:locale\" content=\"en_US\" \/>\n<meta property=\"og:type\" content=\"article\" \/>\n<meta property=\"og:title\" content=\"PREMIUM - Aceites Hacienda Tuc\u00e1n\" \/>\n<meta property=\"og:description\" content=\"JADE BY HACIENDA TUC\u00c1NJADE by Hacienda Tuc\u00e1nJade Imperial is a limited edition made with picual variety olives, coming from the highest parts of our farm, collected in the first days of early harvest, giving it that picual green hue characteristic of our Jaen area. Its production process is carried out with the utmost care, ensuring [&hellip;]\" \/>\n<meta property=\"og:url\" content=\"https:\/\/www.haciendatucan.com\/en\/premium-en\/\" \/>\n<meta property=\"og:site_name\" content=\"Aceites Hacienda Tuc\u00e1n\" \/>\n<meta property=\"article:modified_time\" content=\"2023-05-30T11:10:57+00:00\" \/>\n<meta name=\"twitter:card\" content=\"summary_large_image\" \/>\n<meta name=\"twitter:label1\" content=\"Est. reading time\" \/>\n\t<meta name=\"twitter:data1\" content=\"4 minutes\" \/>\n<script type=\"application\/ld+json\" class=\"yoast-schema-graph\">{\"@context\":\"https:\\\/\\\/schema.org\",\"@graph\":[{\"@type\":\"WebPage\",\"@id\":\"https:\\\/\\\/www.haciendatucan.com\\\/en\\\/premium-en\\\/\",\"url\":\"https:\\\/\\\/www.haciendatucan.com\\\/en\\\/premium-en\\\/\",\"name\":\"PREMIUM - Aceites Hacienda Tuc\u00e1n\",\"isPartOf\":{\"@id\":\"https:\\\/\\\/www.haciendatucan.com\\\/#website\"},\"datePublished\":\"2022-11-22T10:11:39+00:00\",\"dateModified\":\"2023-05-30T11:10:57+00:00\",\"breadcrumb\":{\"@id\":\"https:\\\/\\\/www.haciendatucan.com\\\/en\\\/premium-en\\\/#breadcrumb\"},\"inLanguage\":\"en-US\",\"potentialAction\":[{\"@type\":\"ReadAction\",\"target\":[\"https:\\\/\\\/www.haciendatucan.com\\\/en\\\/premium-en\\\/\"]}]},{\"@type\":\"BreadcrumbList\",\"@id\":\"https:\\\/\\\/www.haciendatucan.com\\\/en\\\/premium-en\\\/#breadcrumb\",\"itemListElement\":[{\"@type\":\"ListItem\",\"position\":1,\"name\":\"Portada\",\"item\":\"https:\\\/\\\/www.haciendatucan.com\\\/en\\\/\"},{\"@type\":\"ListItem\",\"position\":2,\"name\":\"PREMIUM\"}]},{\"@type\":\"WebSite\",\"@id\":\"https:\\\/\\\/www.haciendatucan.com\\\/#website\",\"url\":\"https:\\\/\\\/www.haciendatucan.com\\\/\",\"name\":\"Aceites Hacienda Tuc\u00e1n\",\"description\":\"Aceite de Oliva Virgen Extra\",\"potentialAction\":[{\"@type\":\"SearchAction\",\"target\":{\"@type\":\"EntryPoint\",\"urlTemplate\":\"https:\\\/\\\/www.haciendatucan.com\\\/?s={search_term_string}\"},\"query-input\":{\"@type\":\"PropertyValueSpecification\",\"valueRequired\":true,\"valueName\":\"search_term_string\"}}],\"inLanguage\":\"en-US\"}]}<\/script>\n<!-- \/ Yoast SEO plugin. -->","yoast_head_json":{"title":"PREMIUM - Aceites Hacienda Tuc\u00e1n","robots":{"index":"index","follow":"follow","max-snippet":"max-snippet:-1","max-image-preview":"max-image-preview:large","max-video-preview":"max-video-preview:-1"},"canonical":"https:\/\/www.haciendatucan.com\/en\/premium-en\/","og_locale":"en_US","og_type":"article","og_title":"PREMIUM - Aceites Hacienda Tuc\u00e1n","og_description":"JADE BY HACIENDA TUC\u00c1NJADE by Hacienda Tuc\u00e1nJade Imperial is a limited edition made with picual variety olives, coming from the highest parts of our farm, collected in the first days of early harvest, giving it that picual green hue characteristic of our Jaen area. Its production process is carried out with the utmost care, ensuring [&hellip;]","og_url":"https:\/\/www.haciendatucan.com\/en\/premium-en\/","og_site_name":"Aceites Hacienda Tuc\u00e1n","article_modified_time":"2023-05-30T11:10:57+00:00","twitter_card":"summary_large_image","twitter_misc":{"Est. reading time":"4 minutes"},"schema":{"@context":"https:\/\/schema.org","@graph":[{"@type":"WebPage","@id":"https:\/\/www.haciendatucan.com\/en\/premium-en\/","url":"https:\/\/www.haciendatucan.com\/en\/premium-en\/","name":"PREMIUM - Aceites Hacienda Tuc\u00e1n","isPartOf":{"@id":"https:\/\/www.haciendatucan.com\/#website"},"datePublished":"2022-11-22T10:11:39+00:00","dateModified":"2023-05-30T11:10:57+00:00","breadcrumb":{"@id":"https:\/\/www.haciendatucan.com\/en\/premium-en\/#breadcrumb"},"inLanguage":"en-US","potentialAction":[{"@type":"ReadAction","target":["https:\/\/www.haciendatucan.com\/en\/premium-en\/"]}]},{"@type":"BreadcrumbList","@id":"https:\/\/www.haciendatucan.com\/en\/premium-en\/#breadcrumb","itemListElement":[{"@type":"ListItem","position":1,"name":"Portada","item":"https:\/\/www.haciendatucan.com\/en\/"},{"@type":"ListItem","position":2,"name":"PREMIUM"}]},{"@type":"WebSite","@id":"https:\/\/www.haciendatucan.com\/#website","url":"https:\/\/www.haciendatucan.com\/","name":"Aceites Hacienda Tuc\u00e1n","description":"Aceite de Oliva Virgen Extra","potentialAction":[{"@type":"SearchAction","target":{"@type":"EntryPoint","urlTemplate":"https:\/\/www.haciendatucan.com\/?s={search_term_string}"},"query-input":{"@type":"PropertyValueSpecification","valueRequired":true,"valueName":"search_term_string"}}],"inLanguage":"en-US"}]}},"_links":{"self":[{"href":"https:\/\/www.haciendatucan.com\/en\/wp-json\/wp\/v2\/pages\/45356","targetHints":{"allow":["GET"]}}],"collection":[{"href":"https:\/\/www.haciendatucan.com\/en\/wp-json\/wp\/v2\/pages"}],"about":[{"href":"https:\/\/www.haciendatucan.com\/en\/wp-json\/wp\/v2\/types\/page"}],"author":[{"embeddable":true,"href":"https:\/\/www.haciendatucan.com\/en\/wp-json\/wp\/v2\/users\/1"}],"replies":[{"embeddable":true,"href":"https:\/\/www.haciendatucan.com\/en\/wp-json\/wp\/v2\/comments?post=45356"}],"version-history":[{"count":0,"href":"https:\/\/www.haciendatucan.com\/en\/wp-json\/wp\/v2\/pages\/45356\/revisions"}],"wp:attachment":[{"href":"https:\/\/www.haciendatucan.com\/en\/wp-json\/wp\/v2\/media?parent=45356"}],"curies":[{"name":"wp","href":"https:\/\/api.w.org\/{rel}","templated":true}]}}